{"id":66323,"date":"2017-11-21T13:08:31","date_gmt":"2017-11-21T17:08:31","guid":{"rendered":"http:\/\/www.tolven.cl\/brands\/elysia\/"},"modified":"2018-05-04T15:55:09","modified_gmt":"2018-05-04T19:55:09","slug":"elysia","status":"publish","type":"page","link":"https:\/\/www.tolven.cl\/en\/brands\/elysia\/","title":{"rendered":"Elysia"},"content":{"rendered":"<p>[vc_row row_height_percent=&#8221;0&#8243; back_color=&#8221;color-260136&#8243; overlay_alpha=&#8221;50&#8243; equal_height=&#8221;yes&#8221; gutter_size=&#8221;3&#8243; column_width_percent=&#8221;100&#8243; shift_y=&#8221;0&#8243; z_index=&#8221;0&#8243; css=&#8221;.vc_custom_1504734132927{padding-top: 50px !important;padding-bottom: 50px !important;}&#8221;][vc_column column_width_percent=&#8221;80&#8243; position_vertical=&#8221;middle&#8221; overlay_alpha=&#8221;50&#8243; gutter_size=&#8221;3&#8243; medium_width=&#8221;0&#8243; mobile_width=&#8221;0&#8243; shift_x=&#8221;0&#8243; shift_y=&#8221;0&#8243; shift_y_down=&#8221;0&#8243; z_index=&#8221;0&#8243; width=&#8221;1\/1&#8243;][vc_row_inner][vc_column_inner column_width_percent=&#8221;100&#8243; position_vertical=&#8221;middle&#8221; align_horizontal=&#8221;align_center&#8221; gutter_size=&#8221;3&#8243; overlay_alpha=&#8221;50&#8243; medium_width=&#8221;0&#8243; mobile_width=&#8221;0&#8243; shift_x=&#8221;0&#8243; shift_y=&#8221;0&#8243; shift_y_down=&#8221;0&#8243; z_index=&#8221;0&#8243; width=&#8221;1\/4&#8243;][vc_single_image media=&#8221;66403&#8243; media_width_percent=&#8221;100&#8243; alignment=&#8221;center&#8221;][\/vc_column_inner][vc_column_inner column_width_percent=&#8221;100&#8243; position_vertical=&#8221;middle&#8221; gutter_size=&#8221;3&#8243; overlay_alpha=&#8221;50&#8243; medium_width=&#8221;0&#8243; mobile_width=&#8221;0&#8243; shift_x=&#8221;0&#8243; shift_y=&#8221;0&#8243; shift_y_down=&#8221;0&#8243; z_index=&#8221;0&#8243; width=&#8221;3\/4&#8243;][vc_custom_heading text_size=&#8221;h4&#8243; text_weight=&#8221;600&#8243;]<\/p>\n<p class=\"p1\"><span class=\"s1\">Elysia se distingue principalmente por su presentaci\u00f3n cl\u00e1sica y elegante, que seduce al consumidor, y tambi\u00e9n por contar s\u00f3lo con chocolates de alto porcentaje de cacao, con detalles que permiten disfrutar un chocolate de sabor intenso, sin dejar de lado los atributos que otorga un producto de alta pureza.\u00a0<\/span><\/p>\n<p>[\/vc_custom_heading][\/vc_column_inner][\/vc_row_inner][\/vc_column][\/vc_row][vc_row][vc_column width=&#8221;1\/1&#8243;][uncode_index el_id=&#8221;index-194414&#8243; isotope_mode=&#8221;fitRows&#8221; loop=&#8221;size:All|order_by:date|post_type:product|tax_query:112&#8243; filtering=&#8221;yes&#8221; filter_back_color=&#8221;color-lxmt&#8221; filtering_full_width=&#8221;yes&#8221; filtering_position=&#8221;center&#8221; filtering_uppercase=&#8221;yes&#8221; filter_sticky=&#8221;yes&#8221; gutter_size=&#8221;2&#8243; product_items=&#8221;media|featured|onpost|original|hide-sale&#8221; screen_lg=&#8221;1000&#8243; screen_md=&#8221;600&#8243; screen_sm=&#8221;480&#8243; single_width=&#8221;3&#8243; single_overlay_opacity=&#8221;10&#8243; single_image_anim=&#8221;no&#8221; single_h_align=&#8221;center&#8221; single_padding=&#8221;1&#8243; single_text_reduced=&#8221;yes&#8221; single_title_transform=&#8221;uppercase&#8221; single_border=&#8221;yes&#8221; single_css_animation=&#8221;bottom-t-top&#8221; single_animation_speed=&#8221;300&#8243; custom_order=&#8221;yes&#8221; items=&#8221;e30=&#8221; order_ids=&#8221;19263,19261,19262,19235,18966,18907,18965,18934,18964,18936,18963,18935,18962,18933,18937,18932,19264,18999,18997,18998,18995,18967,18996,19265&#8243;][\/vc_column][\/vc_row]<\/p>\n","protected":false},"excerpt":{"rendered":"<p>[vc_row row_height_percent=&#8221;0&#8243; back_color=&#8221;color-260136&#8243; overlay_alpha=&#8221;50&#8243; equal_height=&#8221;yes&#8221; gutter_size=&#8221;3&#8243; column_width_percent=&#8221;100&#8243; shift_y=&#8221;0&#8243; z_index=&#8221;0&#8243; css=&#8221;.vc_custom_1504734132927{padding-top: 50px !important;padding-bottom: 50px !important;}&#8221;][vc_column column_width_percent=&#8221;80&#8243; position_vertical=&#8221;middle&#8221; overlay_alpha=&#8221;50&#8243; gutter_size=&#8221;3&#8243; medium_width=&#8221;0&#8243; mobile_width=&#8221;0&#8243; [&hellip;]<\/p>\n","protected":false},"author":4,"featured_media":65710,"parent":65868,"menu_order":0,"comment_status":"closed","ping_status":"closed","template":"","meta":[],"_links":{"self":[{"href":"https:\/\/www.tolven.cl\/en\/wp-json\/wp\/v2\/pages\/66323"}],"collection":[{"href":"https:\/\/www.tolven.cl\/en\/wp-json\/wp\/v2\/pages"}],"about":[{"href":"https:\/\/www.tolven.cl\/en\/wp-json\/wp\/v2\/types\/page"}],"author":[{"embeddable":true,"href":"https:\/\/www.tolven.cl\/en\/wp-json\/wp\/v2\/users\/4"}],"replies":[{"embeddable":true,"href":"https:\/\/www.tolven.cl\/en\/wp-json\/wp\/v2\/comments?post=66323"}],"version-history":[{"count":4,"href":"https:\/\/www.tolven.cl\/en\/wp-json\/wp\/v2\/pages\/66323\/revisions"}],"predecessor-version":[{"id":66756,"href":"https:\/\/www.tolven.cl\/en\/wp-json\/wp\/v2\/pages\/66323\/revisions\/66756"}],"up":[{"embeddable":true,"href":"https:\/\/www.tolven.cl\/en\/wp-json\/wp\/v2\/pages\/65868"}],"wp:featuredmedia":[{"embeddable":true,"href":"https:\/\/www.tolven.cl\/en\/wp-json\/wp\/v2\/media\/65710"}],"wp:attachment":[{"href":"https:\/\/www.tolven.cl\/en\/wp-json\/wp\/v2\/media?parent=66323"}],"curies":[{"name":"wp","href":"https:\/\/api.w.org\/{rel}","templated":true}]}}