{"id":65884,"date":"2017-09-22T12:14:10","date_gmt":"2017-09-22T16:14:10","guid":{"rendered":"http:\/\/www.tolven.cl\/?page_id=65884"},"modified":"2017-10-03T10:35:39","modified_gmt":"2017-10-03T14:35:39","slug":"e-wedel","status":"publish","type":"page","link":"https:\/\/www.tolven.cl\/en\/brands\/e-wedel\/","title":{"rendered":"E. Wedel"},"content":{"rendered":"<p>[vc_row row_height_percent=&#8221;0&#8243; back_color=&#8221;color-260136&#8243; overlay_alpha=&#8221;50&#8243; equal_height=&#8221;yes&#8221; gutter_size=&#8221;3&#8243; column_width_percent=&#8221;100&#8243; shift_y=&#8221;0&#8243; z_index=&#8221;0&#8243; css=&#8221;.vc_custom_1504734132927{padding-top: 50px !important;padding-bottom: 50px !important;}&#8221;][vc_column column_width_percent=&#8221;80&#8243; position_vertical=&#8221;middle&#8221; overlay_alpha=&#8221;50&#8243; gutter_size=&#8221;3&#8243; medium_width=&#8221;0&#8243; mobile_width=&#8221;0&#8243; shift_x=&#8221;0&#8243; shift_y=&#8221;0&#8243; shift_y_down=&#8221;0&#8243; z_index=&#8221;0&#8243; width=&#8221;1\/1&#8243;][vc_row_inner][vc_column_inner column_width_percent=&#8221;100&#8243; position_vertical=&#8221;middle&#8221; align_horizontal=&#8221;align_center&#8221; gutter_size=&#8221;3&#8243; overlay_alpha=&#8221;50&#8243; medium_width=&#8221;0&#8243; mobile_width=&#8221;0&#8243; shift_x=&#8221;0&#8243; shift_y=&#8221;0&#8243; shift_y_down=&#8221;0&#8243; z_index=&#8221;0&#8243; width=&#8221;1\/4&#8243;][vc_single_image media=&#8221;65498&#8243; media_width_percent=&#8221;100&#8243; alignment=&#8221;center&#8221;][\/vc_column_inner][vc_column_inner column_width_percent=&#8221;100&#8243; position_vertical=&#8221;middle&#8221; gutter_size=&#8221;3&#8243; overlay_alpha=&#8221;50&#8243; medium_width=&#8221;0&#8243; mobile_width=&#8221;0&#8243; shift_x=&#8221;0&#8243; shift_y=&#8221;0&#8243; shift_y_down=&#8221;0&#8243; z_index=&#8221;0&#8243; width=&#8221;3\/4&#8243;][vc_custom_heading text_size=&#8221;h4&#8243; text_weight=&#8221;600&#8243;]<\/p>\n<p class=\"p1\"><span class=\"s1\">E. Wedel is a traditional brand of Polish chocolates that dates back to 1851, and is an iconic product for the people of Poland. It is synonymous with flavor and superior quality, combining the intensity of a chocolate with history and the most diverse fruits and desserts, innovating in chocolate selection with Tiramisu, Panna Cotta and Cr\u00e8me Br\u00fbl\u00e9e. Aside from these chocolates, E. Wedel also offers a wide range of sweets, including delicious chocolate-covered and fruit-filled marshmallows that achieve a perfect combination of softness and flavor. E. Wedel is rightly defined as the chocolate showing the largest assortment and most innovation in Chile.<\/span><\/p>\n<p>[\/vc_custom_heading][\/vc_column_inner][\/vc_row_inner][\/vc_column][\/vc_row][vc_row][vc_column width=&#8221;1\/1&#8243;][uncode_index el_id=&#8221;index-194414&#8243; isotope_mode=&#8221;fitRows&#8221; loop=&#8221;size:All|order_by:date|post_type:product|tax_query:98&#8243; filtering=&#8221;yes&#8221; filter_back_color=&#8221;color-lxmt&#8221; filtering_full_width=&#8221;yes&#8221; filtering_position=&#8221;center&#8221; filtering_uppercase=&#8221;yes&#8221; filter_sticky=&#8221;yes&#8221; gutter_size=&#8221;2&#8243; product_items=&#8221;media|featured|onpost|original|hide-sale&#8221; screen_lg=&#8221;1000&#8243; screen_md=&#8221;600&#8243; screen_sm=&#8221;480&#8243; single_width=&#8221;3&#8243; single_overlay_opacity=&#8221;10&#8243; single_image_anim=&#8221;no&#8221; single_h_align=&#8221;center&#8221; single_padding=&#8221;1&#8243; single_text_reduced=&#8221;yes&#8221; single_title_transform=&#8221;uppercase&#8221; single_border=&#8221;yes&#8221; single_css_animation=&#8221;bottom-t-top&#8221; single_animation_speed=&#8221;300&#8243; custom_order=&#8221;yes&#8221; items=&#8221;e30=&#8221; order_ids=&#8221;19263,19261,19262,19235,18966,18907,18965,18934,18964,18936,18963,18935,18962,18933,18937,18932,19264,18999,18997,18998,18995,18967,18996,19265&#8243;][\/vc_column][\/vc_row]<\/p>\n","protected":false},"excerpt":{"rendered":"<p>[vc_row row_height_percent=&#8221;0&#8243; back_color=&#8221;color-260136&#8243; overlay_alpha=&#8221;50&#8243; equal_height=&#8221;yes&#8221; gutter_size=&#8221;3&#8243; column_width_percent=&#8221;100&#8243; shift_y=&#8221;0&#8243; z_index=&#8221;0&#8243; css=&#8221;.vc_custom_1504734132927{padding-top: 50px !important;padding-bottom: 50px !important;}&#8221;][vc_column column_width_percent=&#8221;80&#8243; position_vertical=&#8221;middle&#8221; overlay_alpha=&#8221;50&#8243; gutter_size=&#8221;3&#8243; medium_width=&#8221;0&#8243; mobile_width=&#8221;0&#8243; [&hellip;]<\/p>\n","protected":false},"author":4,"featured_media":65546,"parent":65868,"menu_order":0,"comment_status":"closed","ping_status":"closed","template":"","meta":[],"_links":{"self":[{"href":"https:\/\/www.tolven.cl\/en\/wp-json\/wp\/v2\/pages\/65884"}],"collection":[{"href":"https:\/\/www.tolven.cl\/en\/wp-json\/wp\/v2\/pages"}],"about":[{"href":"https:\/\/www.tolven.cl\/en\/wp-json\/wp\/v2\/types\/page"}],"author":[{"embeddable":true,"href":"https:\/\/www.tolven.cl\/en\/wp-json\/wp\/v2\/users\/4"}],"replies":[{"embeddable":true,"href":"https:\/\/www.tolven.cl\/en\/wp-json\/wp\/v2\/comments?post=65884"}],"version-history":[{"count":2,"href":"https:\/\/www.tolven.cl\/en\/wp-json\/wp\/v2\/pages\/65884\/revisions"}],"predecessor-version":[{"id":65988,"href":"https:\/\/www.tolven.cl\/en\/wp-json\/wp\/v2\/pages\/65884\/revisions\/65988"}],"up":[{"embeddable":true,"href":"https:\/\/www.tolven.cl\/en\/wp-json\/wp\/v2\/pages\/65868"}],"wp:featuredmedia":[{"embeddable":true,"href":"https:\/\/www.tolven.cl\/en\/wp-json\/wp\/v2\/media\/65546"}],"wp:attachment":[{"href":"https:\/\/www.tolven.cl\/en\/wp-json\/wp\/v2\/media?parent=65884"}],"curies":[{"name":"wp","href":"https:\/\/api.w.org\/{rel}","templated":true}]}}